{"id":192,"date":"2023-08-03T16:25:58","date_gmt":"2023-08-03T14:25:58","guid":{"rendered":"https:\/\/zentralschweiz.net\/kleinanzeigen\/?page_id=192"},"modified":"2023-10-30T11:22:22","modified_gmt":"2023-10-30T10:22:22","slug":"ueber","status":"publish","type":"page","link":"https:\/\/zentralschweiz.net\/inserate\/?page_id=192","title":{"rendered":"\u00dcber"},"content":{"rendered":"<p>Du suchst nach etwas oder hast etwas anzubieten? Zentralschweizer Inserate ist Deine Plattform f\u00fcr den Grossraum Zentralschweiz und Umgebung. (bei Interesse wird auch f\u00fcr weitere Orte speziell eine Seite aufgeschalten)<br \/>\nAktuell haben wir noch kein Preismodell. Du kannst Inserate und Kleinanzeigen kostenlos schalten. Beim &#8222;Session-ID oder ONS&#8220; Feld kannst Du Deine Telefonnummer eintragen oder eine sonstige Info, diese wird wie man an vielen Orten im Internet sieht gegen Bots gesch\u00fctzt (man muss klicken um alles anzuzeigen) jedoch ist diese Info \u00f6ffentlich ersichtlich f\u00fcr andere welche auf der Seite sind und das Inserat oder die Kleinanzeige anschauen.<\/p>\n<p>&nbsp;<\/p>\n<div id=\"kontaktformular\"><div class='formcraftbasic-css' style='margin-left: 0px; width: fit-content'><form ondrop=\"drop(event)\" ondragover=\"allowDrop(event)\" dnd-list=\"Builder.FormElements\" data-id=\"2\" class=\"fcb_form align- frame-hidden\" style=\"width: 920px; background-color: ; color: #666666; font-size: 100%\"><!-- ngRepeat: element in Builder.FormElements --><div ng-class-odd=\"'odd'\" ng-class=\"[&quot;form-element&quot;, &quot;form-element-&quot;+element.elementDefaults.identifier, &quot;options-&quot;+element.show_options, &quot;index-&quot;+element.show_options]\" ng-class-even=\"'even'\" ng-repeat=\"element in Builder.FormElements\" index=\"0\" style=\"width: 100%\" class=\"ng-scope odd form-element form-element-field1 options-false index-false\"><span class=\"error\"><\/span><div ng-click=\"element.show_options = !element.show_options\" class=\"form-element-html\" compile=\"element.element\"><div compile=\"fieldHTMLTemplate.oneLineText\" class=\"ng-scope\"><div class=\"oneLineText-cover field-cover ng-scope\"><span class=\"ng-binding\">Dein Name<\/span><div ng-click=\"$event.stopPropagation()\"><input type=\"text\" name=\"field1\" data-min-char=\"\" data-max-char=\"\" data-val-type=\"\" data-is-required=\"false\" data-allow-spaces=\"\" class=\"validation-lenient\"><\/div><\/div><\/div><\/div><\/div><!-- end ngRepeat: element in Builder.FormElements --><div ng-class-odd=\"'odd'\" ng-class=\"[&quot;form-element&quot;, &quot;form-element-&quot;+element.elementDefaults.identifier, &quot;options-&quot;+element.show_options, &quot;index-&quot;+element.show_options]\" ng-class-even=\"'even'\" ng-repeat=\"element in Builder.FormElements\" index=\"1\" style=\"width: 100%\" class=\"ng-scope even form-element form-element-field2 options-false index-false\"><span class=\"error\"><\/span><div ng-click=\"element.show_options = !element.show_options\" class=\"form-element-html\" compile=\"element.element\"><div compile=\"fieldHTMLTemplate.oneLineText\" class=\"ng-scope\"><div class=\"oneLineText-cover field-cover ng-scope\"><span class=\"ng-binding\">E-Mail Adresse (optional)<\/span><div ng-click=\"$event.stopPropagation()\"><input type=\"text\" name=\"field2\" data-min-char=\"\" data-max-char=\"\" data-val-type=\"\" data-is-required=\"false\" data-allow-spaces=\"\" class=\"validation-lenient\"><\/div><\/div><\/div><\/div><\/div><!-- end ngRepeat: element in Builder.FormElements --><div ng-class-odd=\"'odd'\" ng-class=\"[&quot;form-element&quot;, &quot;form-element-&quot;+element.elementDefaults.identifier, &quot;options-&quot;+element.show_options, &quot;index-&quot;+element.show_options]\" ng-class-even=\"'even'\" ng-repeat=\"element in Builder.FormElements\" index=\"2\" style=\"width: 100%\" class=\"ng-scope odd form-element form-element-field6 options-false index-false\"><span class=\"error\"><\/span><div ng-click=\"element.show_options = !element.show_options\" class=\"form-element-html\" compile=\"element.element\"><div compile=\"fieldHTMLTemplate.oneLineText\" class=\"ng-scope\"><div class=\"oneLineText-cover field-cover ng-scope\"><span class=\"ng-binding\">Session-ID \/ ONS (optional)<\/span><div ng-click=\"$event.stopPropagation()\"><input type=\"text\" name=\"field6\" data-min-char=\"\" data-max-char=\"\" data-val-type=\"\" data-is-required=\"false\" data-allow-spaces=\"\" class=\"validation-lenient\"><\/div><\/div><\/div><\/div><\/div><!-- end ngRepeat: element in Builder.FormElements --><div ng-class-odd=\"'odd'\" ng-class=\"[&quot;form-element&quot;, &quot;form-element-&quot;+element.elementDefaults.identifier, &quot;options-&quot;+element.show_options, &quot;index-&quot;+element.show_options]\" ng-class-even=\"'even'\" ng-repeat=\"element in Builder.FormElements\" index=\"3\" style=\"width: 100%\" class=\"ng-scope even form-element form-element-field4 options-false index-false\"><span class=\"error\"><\/span><div ng-click=\"element.show_options = !element.show_options\" class=\"form-element-html\" compile=\"element.element\"><div compile=\"fieldHTMLTemplate.dropdown\" class=\"ng-scope\"><div class=\"dropdown-cover field-cover ng-scope\"><span class=\"ng-binding\">Anfrage<\/span><div ng-click=\"$event.stopPropagation()\"><select data-is-required=\"false\" class=\"validation-lenient\" name=\"field4\"><!-- ngRepeat: opt in element.elementDefaults.options_list_show --><option value=\"\" ng-repeat=\"opt in element.elementDefaults.options_list_show\" class=\"ng-binding ng-scope\">W\u00e4hle eine Option<\/option><!-- end ngRepeat: opt in element.elementDefaults.options_list_show --><option value=\"Ich m\u00f6chte eine andere Cryptow\u00e4hrung spenden, siehe unten\" ng-repeat=\"opt in element.elementDefaults.options_list_show\" class=\"ng-binding ng-scope\">Ich m\u00f6chte eine andere Cryptow\u00e4hrung spenden, siehe unten<\/option><!-- end ngRepeat: opt in element.elementDefaults.options_list_show --><option value=\"Feedback\" ng-repeat=\"opt in element.elementDefaults.options_list_show\" class=\"ng-binding ng-scope\">Feedback<\/option><!-- end ngRepeat: opt in element.elementDefaults.options_list_show --><option value=\"Allgemeine Fragen\" ng-repeat=\"opt in element.elementDefaults.options_list_show\" class=\"ng-binding ng-scope\">Allgemeine Fragen<\/option><!-- end ngRepeat: opt in element.elementDefaults.options_list_show --><\/select><\/div><\/div><\/div><\/div><\/div><!-- end ngRepeat: element in Builder.FormElements --><div ng-class-odd=\"'odd'\" ng-class=\"[&quot;form-element&quot;, &quot;form-element-&quot;+element.elementDefaults.identifier, &quot;options-&quot;+element.show_options, &quot;index-&quot;+element.show_options]\" ng-class-even=\"'even'\" ng-repeat=\"element in Builder.FormElements\" index=\"4\" style=\"width: 100%\" class=\"ng-scope odd form-element form-element-field5 options-false index-false\"><span class=\"error\"><\/span><div ng-click=\"element.show_options = !element.show_options\" class=\"form-element-html\" compile=\"element.element\"><div compile=\"fieldHTMLTemplate.textarea\" class=\"ng-scope\"><div class=\"textarea-cover field-cover ng-scope\"><span class=\"ng-binding\">Nachricht<\/span><div ng-click=\"$event.stopPropagation()\"><textarea class=\"validation-lenient\" name=\"field5\" value=\"\" rows=\"5\" data-min-char=\"\" data-max-char=\"\" data-is-required=\"false\"><\/textarea><\/div><\/div><\/div><\/div><\/div><!-- end ngRepeat: element in Builder.FormElements --><div ng-class-odd=\"'odd'\" ng-class=\"[&quot;form-element&quot;, &quot;form-element-&quot;+element.elementDefaults.identifier, &quot;options-&quot;+element.show_options, &quot;index-&quot;+element.show_options]\" ng-class-even=\"'even'\" ng-repeat=\"element in Builder.FormElements\" index=\"5\" style=\"width: 100%\" class=\"ng-scope even form-element form-element-field7 options-false index-false\"><span class=\"error\"><\/span><div ng-click=\"element.show_options = !element.show_options\" class=\"form-element-html\" compile=\"element.element\"><div compile=\"fieldHTMLTemplate.submit\" class=\"ng-scope\"><div class=\"wide-true submit-cover field-cover\" style=\"text-align: right\"><button style=\"background-color: #eeeeee; color: #666666\" type=\"submit\" class=\"button submit-button\"><span class=\"text ng-binding\">Senden<\/span><span class=\"spin-cover\" style=\"border-color: #666666\"><\/span><\/button><\/div><div class=\"submit-response ng-scope\"><\/div><input type=\"text\" class=\"required_field ng-scope\" name=\"website\"><\/div><\/div><\/div><!-- end ngRepeat: element in Builder.FormElements --><\/form><\/div><\/div>\n<p>&nbsp;<\/p>\n<p>Wenn unsere Plattform f\u00fcr Dich hilfreich ist \/ war, w\u00fcrden wir uns \u00fcber eine kleine Spende oder einen Kaffee sehr freuen \ud83d\ude42<\/p>\n<p>Solltest Du andere Cryptos spenden m\u00f6chten welche hier nicht gelistet sind oder eine andere Idee haben, <a href=\"#kontaktformular\">kontaktiere<\/a> uns doch bitte diesbez\u00fcglich.<\/p>\n<p>&nbsp;<\/p>\n<table style=\"border-collapse: collapse; width: 100%; height: 240px;\">\n<tbody>\n<tr style=\"height: 24px;\">\n<td style=\"width: 50%; height: 24px;\">XMR<\/td>\n<td style=\"width: 50%; height: 24px;\">4651ggX3LLEBV3Sc7pkPnpjFvVbTRGnu9cR27vPWivSMXEQwxFnJN6vYR64ry1odnvXLeqB5456yoCBszynB4F18E78EJjH<\/td>\n<\/tr>\n<tr style=\"height: 24px;\">\n<td style=\"width: 50%; height: 24px;\">BNB<\/td>\n<td style=\"width: 50%; height: 24px;\">bnb158ee40pm8f0g3caf72k8gravkjuv4n7skvuvdd<\/td>\n<\/tr>\n<tr style=\"height: 24px;\">\n<td style=\"width: 50%; height: 24px;\">BSC<\/td>\n<td style=\"width: 50%; height: 24px;\">0xB508543442BA8A434713370A97780cA29aDA118c<\/td>\n<\/tr>\n<tr style=\"height: 24px;\">\n<td style=\"width: 50%; height: 24px;\">TRX<\/td>\n<td style=\"width: 50%; height: 24px;\">TPf6sAJx9f8HiBc5Zyv6LgYXyf1w6EDod4<\/td>\n<\/tr>\n<tr style=\"height: 24px;\">\n<td style=\"width: 50%; height: 24px;\">ETH<\/td>\n<td style=\"width: 50%; height: 24px;\">0xB508543442BA8A434713370A97780cA29aDA118c<\/td>\n<\/tr>\n<tr style=\"height: 24px;\">\n<td style=\"width: 50%; height: 24px;\">ETC<\/td>\n<td style=\"width: 50%; height: 24px;\">0xB508543442BA8A434713370A97780cA29aDA118c<\/td>\n<\/tr>\n<tr style=\"height: 24px;\">\n<td style=\"width: 50%; height: 24px;\">BTC<\/td>\n<td style=\"width: 50%; height: 24px;\">1Bn3HY7eEGHXg3sfkSz8nACo3Vo5Kyfb8g<\/td>\n<\/tr>\n<tr style=\"height: 24px;\">\n<td style=\"width: 50%; height: 24px;\">OXEN<\/td>\n<td style=\"width: 50%; height: 24px;\">LSaJRm2dy1nj4tAJtz1qrsBWkz5A7tNhtXz9uiEYgNYj4c7JKis1kqzDpBNF4jyVywemAtTBAF8yv5Zfsg5hwxsS92ANNGF<\/td>\n<\/tr>\n<tr style=\"height: 24px;\">\n<td style=\"width: 50%; height: 24px;\">XRP<\/td>\n<td style=\"width: 50%; height: 24px;\">rpj3A58AizCK1PYHieDDyJpConEcdgAewJ<\/td>\n<\/tr>\n<tr style=\"height: 24px;\">\n<td style=\"width: 50%; height: 24px;\">SOL<\/td>\n<td style=\"width: 50%; height: 24px;\">EnqieMwb5Yo73MdMgcthwgENUjQQaN8HPTfT5Z7oyas1<\/td>\n<\/tr>\n<tr style=\"height: 24px;\">\n<td style=\"width: 50%; height: 24px;\">ADA<\/td>\n<td style=\"width: 50%; height: 24px;\">addr1q9cw0fr9eku68nz9eyyfld9h8ke0yndqhqm4h2asssn7mywmgefq5ckpjl9t3qlv3fpqxf2sn7juml46q5mw7yx2lpwqfkutnt<\/td>\n<\/tr>\n<tr style=\"height: 24px;\">\n<td style=\"width: 50%; height: 24px;\">LTC<\/td>\n<td style=\"width: 50%; height: 24px;\">LiLje7g7zbrLmckE1LTB1ia898kPS4LMFQ<\/td>\n<\/tr>\n<tr style=\"height: 24px;\">\n<td style=\"width: 50%; height: 24px;\">XLM<\/td>\n<td style=\"width: 50%; height: 24px;\">GBQWTD76ASZHUL3ZY3R6LZSUIIPHUTF4JVBTB7GFZVVSFGYLPUNFJ2C6<\/td>\n<\/tr>\n<tr style=\"height: 24px;\">\n<td style=\"width: 50%; height: 24px;\">ALGO<\/td>\n<td style=\"width: 50%; height: 24px;\">IGKK7PKOTG7EECFAUQ3P3ILE2JWIYNR4AFCLCSB5SXP4XMYW4RMZPGQE3M<\/td>\n<\/tr>\n<tr style=\"height: 24px;\">\n<td style=\"width: 50%; height: 24px;\">RVN<\/td>\n<td style=\"width: 50%; height: 24px;\">RUjqeG2bYkaeeSV7HtHpMon6bVTHe7v8j6<\/td>\n<\/tr>\n<tr style=\"height: 24px;\">\n<td style=\"width: 50%; height: 24px;\">USDT (ETH\/ERC-20)<\/td>\n<td style=\"width: 50%; height: 24px;\">0xB508543442BA8A434713370A97780cA29aDA118c<\/td>\n<\/tr>\n<\/tbody>\n<\/table>\n","protected":false},"excerpt":{"rendered":"<p>Du suchst nach etwas oder hast etwas anzubieten? Zentralschweizer Inserate ist Deine Plattform f\u00fcr den Grossraum Zentralschweiz und Umgebung. (bei Interesse wird auch f\u00fcr weitere Orte speziell eine Seite aufgeschalten) Aktuell haben wir noch kein Preismodell. Du kannst Inserate und Kleinanzeigen kostenlos schalten. Beim &#8222;Session-ID oder ONS&#8220; Feld kannst Du Deine Telefonnummer eintragen oder eine &hellip; <\/p>\n<p class=\"link-more\"><a href=\"https:\/\/zentralschweiz.net\/inserate\/?page_id=192\" class=\"more-link\">Mehr <span class=\"screen-reader-text\">\u00fcber &#8222;\u00dcber&#8220; <\/span>Lesen<\/a><\/p>\n","protected":false},"author":1,"featured_media":0,"parent":0,"menu_order":0,"comment_status":"closed","ping_status":"closed","template":"","meta":{"_rtcl_gb_attr":"","footnotes":""},"_links":{"self":[{"href":"https:\/\/zentralschweiz.net\/inserate\/index.php?rest_route=\/wp\/v2\/pages\/192"}],"collection":[{"href":"https:\/\/zentralschweiz.net\/inserate\/index.php?rest_route=\/wp\/v2\/pages"}],"about":[{"href":"https:\/\/zentralschweiz.net\/inserate\/index.php?rest_route=\/wp\/v2\/types\/page"}],"author":[{"embeddable":true,"href":"https:\/\/zentralschweiz.net\/inserate\/index.php?rest_route=\/wp\/v2\/users\/1"}],"replies":[{"embeddable":true,"href":"https:\/\/zentralschweiz.net\/inserate\/index.php?rest_route=%2Fwp%2Fv2%2Fcomments&post=192"}],"version-history":[{"count":18,"href":"https:\/\/zentralschweiz.net\/inserate\/index.php?rest_route=\/wp\/v2\/pages\/192\/revisions"}],"predecessor-version":[{"id":586,"href":"https:\/\/zentralschweiz.net\/inserate\/index.php?rest_route=\/wp\/v2\/pages\/192\/revisions\/586"}],"wp:attachment":[{"href":"https:\/\/zentralschweiz.net\/inserate\/index.php?rest_route=%2Fwp%2Fv2%2Fmedia&parent=192"}],"curies":[{"name":"wp","href":"https:\/\/api.w.org\/{rel}","templated":true}]}}